{"id":542,"date":"2021-11-25T09:32:08","date_gmt":"2021-11-25T07:32:08","guid":{"rendered":"http:\/\/obdtuning.ro\/blog\/?page_id=542"},"modified":"2024-01-04T01:41:28","modified_gmt":"2024-01-03T23:41:28","slug":"contact","status":"publish","type":"page","link":"https:\/\/obdtuning.ro\/blog\/contact\/","title":{"rendered":"Contact"},"content":{"rendered":"\n<h2 class=\"wp-block-heading\">Dore\u0219ti sa iei leg\u0103tur\u0103 cu noi? <\/h2>\n\n\n\n<p><br>Ne bucur\u0103m s\u0103 avem \u0219ansa s\u0103 intr\u0103m \u00een contact cu tine. Dac\u0103 ai \u00eentreb\u0103ri, sugestii sau dore\u0219ti s\u0103 ne \u00eemp\u0103rt\u0103\u0219e\u0219ti experien\u021be legate de tuningul auto, te rug\u0103m s\u0103 folose\u0219ti formularul de contact de mai jos. Echipa noastr\u0103 va face tot posibilul pentru a r\u0103spunde \u00een cel mai scurt timp.<\/p>\n\n\n<p>[contact-form-7 id=&#8221;541&#8243; title=&#8221;Contact&#8221;]<\/p>\n\n\n\n<h3 class=\"wp-block-heading\">Cum ne g\u0103se\u0219ti pe Re\u021belele Sociale?<\/h3>\n\n\n\n<p>Fii la curent cu cele mai recente actualiz\u0103ri, evenimente \u0219i interac\u021bioneaz\u0103 cu noi pe re\u021belele sociale:<\/p>\n\n\n\n<ul class=\"wp-block-list\">\n<li><a href=\"https:\/\/www.facebook.com\/obdtuning.ro\" data-type=\"URL\" data-id=\"https:\/\/www.facebook.com\/obdtuning.ro\" target=\"_blank\" rel=\"noreferrer noopener\"><strong>Facebook<\/strong><\/a><\/li>\n\n\n\n<li><strong><a href=\"https:\/\/www.instagram.com\/obdtuning.ro\/\" data-type=\"URL\" data-id=\"https:\/\/www.instagram.com\/obdtuning.ro\/\" target=\"_blank\" rel=\"noreferrer noopener\">Instagram<\/a><\/strong><\/li>\n<\/ul>\n\n\n\n<hr class=\"wp-block-separator has-alpha-channel-opacity\"\/>\n\n\n\n<pre class=\"wp-block-preformatted\">Te asigur\u0103m c\u0103 informa\u021biile tale vor fi tratate cu confiden\u021bialitate. Mul\u021bumim pentru interesul acordat Obdtuning \u0219i a\u0219tept\u0103m cu ner\u0103bdare s\u0103 intr\u0103m \u00een dialog cu tine!<\/pre>\n\n\n\n<hr class=\"wp-block-separator has-alpha-channel-opacity\"\/>\n\n\n\n<p><strong>Instruc\u021biuni de Utilizare:<\/strong><\/p>\n\n\n\n<ol class=\"wp-block-list\">\n<li>Completeaz\u0103 formularul de mai sus cu detaliile tale.<\/li>\n\n\n\n<li>F\u0103 clic pe butonul &#8222;Trimite&#8221; pentru a ne transmite mesajul t\u0103u.<\/li>\n\n\n\n<li>Vom r\u0103spunde \u00een cel mai scurt timp posibil, fie prin e-mail, fie telefonic, \u00een func\u021bie de op\u021biunea ta preferat\u0103 de contact.<\/li>\n<\/ol>\n\n\n\n<p>\u00ce\u021bi mul\u021bumim pentru colaborare \u0219i pentru c\u0103 faci parte din comunitatea Obdtuning!<\/p>\n","protected":false},"excerpt":{"rendered":"<p>Dore\u0219ti sa iei leg\u0103tur\u0103 cu noi? Ne bucur\u0103m s\u0103 avem \u0219ansa s\u0103 intr\u0103m \u00een contact cu tine. Dac\u0103 ai \u00eentreb\u0103ri, sugestii sau dore\u0219ti s\u0103 ne \u00eemp\u0103rt\u0103\u0219e\u0219ti experien\u021be legate de tuningul auto, te rug\u0103m s\u0103 folose\u0219ti formularul de contact de mai jos. Echipa noastr\u0103 va face tot posibilul pentru a r\u0103spunde \u00een cel mai scurt timp. &#8230; <a title=\"Contact\" class=\"read-more\" href=\"https:\/\/obdtuning.ro\/blog\/contact\/\" aria-label=\"Cite\u0219te mai multe despre Contact\">Cite\u0219te mai mult<\/a><\/p>\n","protected":false},"author":1,"featured_media":0,"parent":0,"menu_order":0,"comment_status":"closed","ping_status":"closed","template":"","meta":{"footnotes":""},"class_list":["post-542","page","type-page","status-publish"],"_links":{"self":[{"href":"https:\/\/obdtuning.ro\/blog\/wp-json\/wp\/v2\/pages\/542","targetHints":{"allow":["GET"]}}],"collection":[{"href":"https:\/\/obdtuning.ro\/blog\/wp-json\/wp\/v2\/pages"}],"about":[{"href":"https:\/\/obdtuning.ro\/blog\/wp-json\/wp\/v2\/types\/page"}],"author":[{"embeddable":true,"href":"https:\/\/obdtuning.ro\/blog\/wp-json\/wp\/v2\/users\/1"}],"replies":[{"embeddable":true,"href":"https:\/\/obdtuning.ro\/blog\/wp-json\/wp\/v2\/comments?post=542"}],"version-history":[{"count":9,"href":"https:\/\/obdtuning.ro\/blog\/wp-json\/wp\/v2\/pages\/542\/revisions"}],"predecessor-version":[{"id":613,"href":"https:\/\/obdtuning.ro\/blog\/wp-json\/wp\/v2\/pages\/542\/revisions\/613"}],"wp:attachment":[{"href":"https:\/\/obdtuning.ro\/blog\/wp-json\/wp\/v2\/media?parent=542"}],"curies":[{"name":"wp","href":"https:\/\/api.w.org\/{rel}","templated":true}]}}