{"id":21,"date":"2014-12-18T21:04:31","date_gmt":"2014-12-18T19:04:31","guid":{"rendered":"http:\/\/obdtuning.ro\/blog\/?page_id=21"},"modified":"2024-01-04T00:11:34","modified_gmt":"2024-01-03T22:11:34","slug":"despre","status":"publish","type":"page","link":"https:\/\/obdtuning.ro\/blog\/despre\/","title":{"rendered":"Despre OBDTUNING"},"content":{"rendered":"\n<p>Bine a\u021bi venit pe OBDTUNING &#8211; locul unde pasiunea pentru tuning auto prinde via\u021b\u0103!<\/p>\n\n\n\n<h1 class=\"wp-block-heading\" id=\"pasiune-nu-doar-munca\">Pasiune, nu doar munc\u0103!<\/h1>\n\n\n\n<p><strong>Cu ce ne ocup\u0103m noi?<\/strong><br><br> \u00bb dezvoltare fi\u0219iere de tuning \u0219i fi\u0219iere WinOLS Mappack pentru tuneri \u00eencep\u0103tori \u0219i profesioni\u0219ti <br> \u00bb calibr\u0103ri de parametri software pentru m\u0103rirea performan\u021belor motor \u0219i \u00eembun\u0103t\u0103\u021biri suplimentare ale experien\u021bei de conducere<br> \u00bb diagnoz\u0103 \u0219i remediere erori pentru diferite componente ale ansamblului motor: valva EGR, clapete admisie, filtru particule, adblue etc. <br> \u00bb eliminare restric\u021bii \u0219i limit\u0103ri de putere (VMax, start-stop, torque monitoring etc) pentru ma\u0219inile de competi\u021bie <br> \u00bb import \u0219i distribu\u021bie de interfe\u021be, accesorii \u0219i software pentru chip tuning (NewGenius, NewTrasdata, module Rapid TPM, WinOLS, bFlash, Magicmotorsport)  <br> \u00bb consultan\u021b\u0103 \u00een alegerea pachetelor de tuning pentru dealeri \u0219i colaboratori<\/p>\n\n\n\n<p><strong>Cine suntem?<\/strong><br><br>Echipa noastr\u0103 din Romania este format\u0103 din personal t\u00e2n\u0103r \u0219i preg\u0103tit s\u0103 g\u0103seasc\u0103 cele mai bune solu\u021bii de \u00eembun\u0103\u021bire a performan\u021belor pentru motorul t\u0103u. Nu trebuie s\u0103 ezi\u021bi \u0219i s\u0103 apelezi la noi atunci c\u00e2nd ai&nbsp;nevoie de o echip\u0103 de profesioni\u0219ti. Indiferent dac\u0103 e\u0219ti&nbsp;sau nu client, noi vom \u00eencerca s\u0103 te&nbsp;ajut\u0103m.<\/p>\n\n\n\n<p><strong>Tehnologie<\/strong><br><br>Din&nbsp;pasiune pentru automobile \u0219i tehnologie&nbsp;\u00eencerc\u0103m s\u0103 fim la zi cu&nbsp;cele mai noi aplica\u021bii software \u0219i cea mai nou\u0103 aparatur\u0103 in domeniul optimiz\u0103rilor electronice. De\u021binem aparatur\u0103 profesionala licen\u021biat\u0103 cu care putem reprograma peste 90% din vehiculele motorizate, direct prin portul de diagnoz\u0103 OBD, boot mode sau bench. Reprogramarea&nbsp;calculatorului de injec\u021bie ECU&nbsp;se desf\u0103\u0219oar\u0103 \u00een deplin\u0103 siguran\u021b\u0103 \u0219i \u00eentr-un timp mult mai scurt dec\u00e2t variantele deja \u00eenvechite de chiptuning clasic.<\/p>\n","protected":false},"excerpt":{"rendered":"<p>Bine a\u021bi venit pe OBDTUNING &#8211; locul unde pasiunea pentru tuning auto prinde via\u021b\u0103! Pasiune, nu doar munc\u0103! Cu ce ne ocup\u0103m noi? \u00bb dezvoltare fi\u0219iere de tuning \u0219i fi\u0219iere WinOLS Mappack pentru tuneri \u00eencep\u0103tori \u0219i profesioni\u0219ti \u00bb calibr\u0103ri de parametri software pentru m\u0103rirea performan\u021belor motor \u0219i \u00eembun\u0103t\u0103\u021biri suplimentare ale experien\u021bei de conducere \u00bb diagnoz\u0103 &#8230; <a title=\"Despre OBDTUNING\" class=\"read-more\" href=\"https:\/\/obdtuning.ro\/blog\/despre\/\" aria-label=\"Cite\u0219te mai multe despre Despre OBDTUNING\">Cite\u0219te mai mult<\/a><\/p>\n","protected":false},"author":1,"featured_media":0,"parent":0,"menu_order":0,"comment_status":"closed","ping_status":"open","template":"","meta":{"footnotes":""},"class_list":["post-21","page","type-page","status-publish"],"_links":{"self":[{"href":"https:\/\/obdtuning.ro\/blog\/wp-json\/wp\/v2\/pages\/21","targetHints":{"allow":["GET"]}}],"collection":[{"href":"https:\/\/obdtuning.ro\/blog\/wp-json\/wp\/v2\/pages"}],"about":[{"href":"https:\/\/obdtuning.ro\/blog\/wp-json\/wp\/v2\/types\/page"}],"author":[{"embeddable":true,"href":"https:\/\/obdtuning.ro\/blog\/wp-json\/wp\/v2\/users\/1"}],"replies":[{"embeddable":true,"href":"https:\/\/obdtuning.ro\/blog\/wp-json\/wp\/v2\/comments?post=21"}],"version-history":[{"count":16,"href":"https:\/\/obdtuning.ro\/blog\/wp-json\/wp\/v2\/pages\/21\/revisions"}],"predecessor-version":[{"id":597,"href":"https:\/\/obdtuning.ro\/blog\/wp-json\/wp\/v2\/pages\/21\/revisions\/597"}],"wp:attachment":[{"href":"https:\/\/obdtuning.ro\/blog\/wp-json\/wp\/v2\/media?parent=21"}],"curies":[{"name":"wp","href":"https:\/\/api.w.org\/{rel}","templated":true}]}}